{"id":24,"date":"2025-09-02T10:06:53","date_gmt":"2025-09-02T10:06:53","guid":{"rendered":"https:\/\/rahoitustarjoukset.fi\/?page_id=24"},"modified":"2025-09-02T10:06:53","modified_gmt":"2025-09-02T10:06:53","slug":"24-2","status":"publish","type":"page","link":"https:\/\/rahoitustarjoukset.fi\/?page_id=24","title":{"rendered":""},"content":{"rendered":"\n<!DOCTYPE html>\n<html lang=\"fi\">\n<head>\n  <meta charset=\"UTF-8\">\n  <meta name=\"viewport\" content=\"width=device-width, initial-scale=1.0\">\n  <title>Rahoitustarjoukset.fi<\/title>\n  <style>\n    body {\n      font-family: Arial, sans-serif;\n      margin: 0;\n      padding: 0;\n      line-height: 1.6;\n      background: #f9f9f9;\n      color: #333;\n    }\n    header {\n      background: #0a4d8c;\n      color: white;\n      padding: 40px 20px;\n      text-align: center;\n    }\n    header h1 {\n      margin: 0;\n      font-size: 2.2em;\n    }\n    header p {\n      font-size: 1.2em;\n    }\n    nav {\n      text-align: center;\n      background: #0a4d8c;\n      padding: 10px 0;\n    }\n    nav a {\n      color: white;\n      text-decoration: none;\n      margin: 0 15px;\n      font-weight: bold;\n    }\n    nav a:hover {\n      text-decoration: underline;\n    }\n    main {\n      max-width: 1100px;\n      margin: 20px auto;\n      padding: 40px 20px;\n      background: white;\n      border-radius: 8px;\n    }\n    h2, h1 {\n      color: #0a4d8c;\n      margin-top: 0;\n    }\n    ul {\n      list-style: disc;\n      padding-left: 20px;\n    }\n    table {\n      width: 100%;\n      border-collapse: collapse;\n      margin-top: 20px;\n    }\n    table th, table td {\n      border: 1px solid #ddd;\n      padding: 12px;\n      text-align: center;\n    }\n    table th {\n      background: #0a4d8c;\n      color: white;\n    }\n    .btn {\n      display: inline-block;\n      background: #28a745;\n      color: white;\n      padding: 12px 24px;\n      margin-top: 15px;\n      text-decoration: none;\n      border-radius: 6px;\n      font-weight: bold;\n    }\n    .cta {\n      text-align: center;\n      background: #0a4d8c;\n      color: white;\n      padding: 40px 20px;\n      margin-top: 20px;\n      border-radius: 8px;\n    }\n    footer {\n      text-align: center;\n      padding: 20px;\n      font-size: 0.9em;\n      color: #555;\n    }\n  <\/style>\n<\/head>\n<body>\n\n  <header>\n    <h1>Rahoitustarjoukset.fi<\/h1>\n    <p>Vertaa lainat ja rahoitukset helposti yhdest\u00e4 paikasta<\/p>\n  <\/header>\n\n  <nav>\n    <a href=\"\/\">Etusivu<\/a>\n    <a href=\"\/lainalaskuri\/\">Lainalaskuri<\/a>\n    <a href=\"\/kilpailuta-lainasi\/\">Kilpailuta lainasi<\/a>\n    <a href=\"\/lainatarjoukset\/\">Lainatarjoukset<\/a>\n    <a href=\"\/yhteystiedot\/\">Yhteystiedot<\/a>\n  <\/nav>\n\n  <main>\n    <!-- SIS\u00c4LT\u00d6 ALKAA T\u00c4ST\u00c4 -->\n    <h1>Otsikko \/ Sivun nimi<\/h1>\n    <p>T\u00e4h\u00e4n tulee sivukohtainen sis\u00e4lt\u00f6 (tekstit, taulukot, lomakkeet jne.)<\/p>\n    <!-- SIS\u00c4LT\u00d6 LOPPUU T\u00c4H\u00c4N -->\n  <\/main>\n\n  <div class=\"cta\">\n    <h2>Hae rahoitusta nyt!<\/h2>\n    <a href=\"\/lainalaskuri\/\" class=\"btn\">Aloita lainalaskuri \u00bb<\/a>\n  <\/div>\n\n  <footer>\n    <p>\u00a9 2025 Rahoitustarjoukset.fi | Tietoa meist\u00e4 | Tietosuoja | Ev\u00e4steet<\/p>\n  <\/footer>\n\n<\/body>\n<\/html>\n\n","protected":false},"excerpt":{"rendered":"<p>Rahoitustarjoukset.fi Rahoitustarjoukset.fi Vertaa lainat ja rahoitukset helposti yhdest\u00e4 paikasta Etusivu Lainalaskuri Kilpailuta lainasi Lainatarjoukset Yhteystiedot Otsikko \/ Sivun nimi T\u00e4h\u00e4n tulee sivukohtainen sis\u00e4lt\u00f6 (tekstit, taulukot, lomakkeet jne.) Hae rahoitusta nyt! Aloita lainalaskuri \u00bb \u00a9 2025 Rahoitustarjoukset.fi | Tietoa meist\u00e4 | Tietosuoja | Ev\u00e4steet<\/p>\n","protected":false},"author":1,"featured_media":0,"parent":0,"menu_order":0,"comment_status":"closed","ping_status":"closed","template":"","meta":{"footnotes":""},"class_list":["post-24","page","type-page","status-publish","hentry"],"_links":{"self":[{"href":"https:\/\/rahoitustarjoukset.fi\/index.php?rest_route=\/wp\/v2\/pages\/24","targetHints":{"allow":["GET"]}}],"collection":[{"href":"https:\/\/rahoitustarjoukset.fi\/index.php?rest_route=\/wp\/v2\/pages"}],"about":[{"href":"https:\/\/rahoitustarjoukset.fi\/index.php?rest_route=\/wp\/v2\/types\/page"}],"author":[{"embeddable":true,"href":"https:\/\/rahoitustarjoukset.fi\/index.php?rest_route=\/wp\/v2\/users\/1"}],"replies":[{"embeddable":true,"href":"https:\/\/rahoitustarjoukset.fi\/index.php?rest_route=%2Fwp%2Fv2%2Fcomments&post=24"}],"version-history":[{"count":1,"href":"https:\/\/rahoitustarjoukset.fi\/index.php?rest_route=\/wp\/v2\/pages\/24\/revisions"}],"predecessor-version":[{"id":25,"href":"https:\/\/rahoitustarjoukset.fi\/index.php?rest_route=\/wp\/v2\/pages\/24\/revisions\/25"}],"wp:attachment":[{"href":"https:\/\/rahoitustarjoukset.fi\/index.php?rest_route=%2Fwp%2Fv2%2Fmedia&parent=24"}],"curies":[{"name":"wp","href":"https:\/\/api.w.org\/{rel}","templated":true}]}}