{"id":22,"date":"2025-08-29T11:40:04","date_gmt":"2025-08-29T11:40:04","guid":{"rendered":"https:\/\/rahoitustarjoukset.fi\/?page_id=22"},"modified":"2025-08-29T11:40:04","modified_gmt":"2025-08-29T11:40:04","slug":"yhteystiedot","status":"publish","type":"page","link":"https:\/\/rahoitustarjoukset.fi\/?page_id=22","title":{"rendered":"Yhteystiedot"},"content":{"rendered":"\n<section style=\"max-width:1100px;margin:auto;padding:40px 20px;background:white;border-radius:8px;\">\n  <h1>Yhteystiedot<\/h1>\n  <p>Ota yhteytt\u00e4, jos sinulla on kysytt\u00e4v\u00e4\u00e4 tai tarvitset apua rahoitusasioissa.<\/p>\n  <ul>\n    <li>S\u00e4hk\u00f6posti: <a href=\"mailto:info@rahoitustarjoukset.fi\">info@rahoitustarjoukset.fi<\/a><\/li>\n    <li>Puhelin: 010 123 4567<\/li>\n    <li>Osoite: Rahoitustie 1, 00100 Helsinki<\/li>\n  <\/ul>\n  <form>\n    <label>Nimi:<br><input type=\"text\" name=\"name\" placeholder=\"Matti Meik\u00e4l\u00e4inen\"><\/label><br><br>\n    <label>S\u00e4hk\u00f6posti:<br><input type=\"email\" name=\"email\" placeholder=\"me@domain.fi\"><\/label><br><br>\n    <label>Viesti:<br><textarea name=\"message\" rows=\"5\" placeholder=\"Kirjoita viestisi t\u00e4h\u00e4n\"><\/textarea><\/label><br><br>\n    <button type=\"submit\">L\u00e4het\u00e4 viesti<\/button>\n  <\/form>\n<\/section>\n\n","protected":false},"excerpt":{"rendered":"<p>Yhteystiedot Ota yhteytt\u00e4, jos sinulla on kysytt\u00e4v\u00e4\u00e4 tai tarvitset apua rahoitusasioissa. S\u00e4hk\u00f6posti: info@rahoitustarjoukset.fi Puhelin: 010 123 4567 Osoite: Rahoitustie 1, 00100 Helsinki Nimi: S\u00e4hk\u00f6posti: Viesti: L\u00e4het\u00e4 viesti<\/p>\n","protected":false},"author":1,"featured_media":0,"parent":0,"menu_order":0,"comment_status":"closed","ping_status":"closed","template":"","meta":{"footnotes":""},"class_list":["post-22","page","type-page","status-publish","hentry"],"_links":{"self":[{"href":"https:\/\/rahoitustarjoukset.fi\/index.php?rest_route=\/wp\/v2\/pages\/22","targetHints":{"allow":["GET"]}}],"collection":[{"href":"https:\/\/rahoitustarjoukset.fi\/index.php?rest_route=\/wp\/v2\/pages"}],"about":[{"href":"https:\/\/rahoitustarjoukset.fi\/index.php?rest_route=\/wp\/v2\/types\/page"}],"author":[{"embeddable":true,"href":"https:\/\/rahoitustarjoukset.fi\/index.php?rest_route=\/wp\/v2\/users\/1"}],"replies":[{"embeddable":true,"href":"https:\/\/rahoitustarjoukset.fi\/index.php?rest_route=%2Fwp%2Fv2%2Fcomments&post=22"}],"version-history":[{"count":1,"href":"https:\/\/rahoitustarjoukset.fi\/index.php?rest_route=\/wp\/v2\/pages\/22\/revisions"}],"predecessor-version":[{"id":23,"href":"https:\/\/rahoitustarjoukset.fi\/index.php?rest_route=\/wp\/v2\/pages\/22\/revisions\/23"}],"wp:attachment":[{"href":"https:\/\/rahoitustarjoukset.fi\/index.php?rest_route=%2Fwp%2Fv2%2Fmedia&parent=22"}],"curies":[{"name":"wp","href":"https:\/\/api.w.org\/{rel}","templated":true}]}}