{"id":18,"date":"2025-08-29T11:37:57","date_gmt":"2025-08-29T11:37:57","guid":{"rendered":"https:\/\/rahoitustarjoukset.fi\/?page_id=18"},"modified":"2025-08-29T11:37:57","modified_gmt":"2025-08-29T11:37:57","slug":"kilpailuta-lainasi","status":"publish","type":"page","link":"https:\/\/rahoitustarjoukset.fi\/?page_id=18","title":{"rendered":"Kilpailuta lainasi"},"content":{"rendered":"\n<section style=\"max-width:1100px;margin:auto;padding:40px 20px;background:white;border-radius:8px;\">\n  <h1>Kilpailuta lainasi<\/h1>\n  <p>T\u00e4yt\u00e4 alla oleva lomake ja saat tarjoukset useilta lainantarjoajilta nopeasti.<\/p>\n  <form>\n    <label>Nimi:<br><input type=\"text\" name=\"name\" placeholder=\"Matti Meik\u00e4l\u00e4inen\"><\/label><br><br>\n    <label>S\u00e4hk\u00f6posti:<br><input type=\"email\" name=\"email\" placeholder=\"esim. me@domain.fi\"><\/label><br><br>\n    <label>Lainasumma (\u20ac):<br><input type=\"number\" name=\"amount\" placeholder=\"10000\"><\/label><br><br>\n    <button type=\"submit\">Pyyd\u00e4 tarjoukset<\/button>\n  <\/form>\n<\/section>\n\n","protected":false},"excerpt":{"rendered":"<p>Kilpailuta lainasi T\u00e4yt\u00e4 alla oleva lomake ja saat tarjoukset useilta lainantarjoajilta nopeasti. Nimi: S\u00e4hk\u00f6posti: Lainasumma (\u20ac): Pyyd\u00e4 tarjoukset<\/p>\n","protected":false},"author":1,"featured_media":0,"parent":0,"menu_order":0,"comment_status":"closed","ping_status":"closed","template":"","meta":{"footnotes":""},"class_list":["post-18","page","type-page","status-publish","hentry"],"_links":{"self":[{"href":"https:\/\/rahoitustarjoukset.fi\/index.php?rest_route=\/wp\/v2\/pages\/18","targetHints":{"allow":["GET"]}}],"collection":[{"href":"https:\/\/rahoitustarjoukset.fi\/index.php?rest_route=\/wp\/v2\/pages"}],"about":[{"href":"https:\/\/rahoitustarjoukset.fi\/index.php?rest_route=\/wp\/v2\/types\/page"}],"author":[{"embeddable":true,"href":"https:\/\/rahoitustarjoukset.fi\/index.php?rest_route=\/wp\/v2\/users\/1"}],"replies":[{"embeddable":true,"href":"https:\/\/rahoitustarjoukset.fi\/index.php?rest_route=%2Fwp%2Fv2%2Fcomments&post=18"}],"version-history":[{"count":1,"href":"https:\/\/rahoitustarjoukset.fi\/index.php?rest_route=\/wp\/v2\/pages\/18\/revisions"}],"predecessor-version":[{"id":19,"href":"https:\/\/rahoitustarjoukset.fi\/index.php?rest_route=\/wp\/v2\/pages\/18\/revisions\/19"}],"wp:attachment":[{"href":"https:\/\/rahoitustarjoukset.fi\/index.php?rest_route=%2Fwp%2Fv2%2Fmedia&parent=18"}],"curies":[{"name":"wp","href":"https:\/\/api.w.org\/{rel}","templated":true}]}}